{"id":747,"date":"2016-05-27T13:12:19","date_gmt":"2016-05-27T13:12:19","guid":{"rendered":"https:\/\/demo.frelimo.org.mz\/2016\/05\/27\/faq\/"},"modified":"2023-09-15T23:09:40","modified_gmt":"2023-09-15T23:09:40","slug":"faq","status":"publish","type":"page","link":"https:\/\/demo.frelimo.org.mz\/?page_id=747","title":{"rendered":"Filia\u00e7\u00e3o"},"content":{"rendered":"<div class=\"content clearfix\">\n<div class=\"field field-name-body field-type-text-with-summary field-label-hidden\">\n<div class=\"field-items\">\n<div class=\"field-item even\">\n<p>Pode ser membro da FRELIMO todo o mo\u00e7ambicano, maior de 18 anos de idade que no pleno gozo de direitos civis e pol\u00edticos, aceite os Estatutos e o Programa do Partido.<\/p>\n<p>Descarregue <a href=\"\/frelimo\/Baixar\/fichacandidatura.pdf\"><img loading=\"lazy\" decoding=\"async\" class=\" size-full wp-image-746\" src=\"https:\/\/demo.frelimo.org.mz\/\/wp-content\/uploads\/2023\/06\/pdf-icon.png\" alt=\"\" width=\"61\" height=\"61\" \/><\/a>&nbsp;a ficha de candidatura a militante da FRELIMO.<\/p>\n<\/div>\n<\/div>\n<\/div>\n<\/div>\n<ul class=\"c-step\">\n<li class=\"item1 active\">\n<h3>1\u00ba Passo<\/h3>\n<p><span>Descarregue a ficha<\/span><\/li>\n<li class=\"item2\">\n<h3>2\u00ba Passo<\/h3>\n<p><span>Preencha<\/span><\/li>\n<li class=\"item3\">\n<h3>3\u00ba Passo<\/h3>\n<p><span>Envie<\/span><\/li>\n<\/ul>\n<h5 class=\"title\">Tem perguntas? Temos respostas!<\/h5>\n<p>As perguntas\/respostas abaixo s\u00e3o as mais frequentes, caso tenha outra d\u00favida por favor deixe um coment\u00e1rio no canto direito que responderemos prontamente<\/p>\n[space height=&#8217;20&#8217;]\n<div class=\"span8 first\">[accordion] [acc_item title=&#8221;Quem pode ser membro da FRELIMO?&#8221;] Pode ser membro da FRELIMO todo o mo\u00e7ambicano, maior de 18 anos de idade que no pleno gozo de direitos civis e pol\u00edticos, aceite os Estatutos e o Programa do Partido.[\/acc_item] [acc_item title=&#8221;Como posso me inscrever na FRELIMO?&#8221;]Fazendo o download da ficha de inscri\u00e7\u00e3o ( ver aqui ), preencher todos os campos, anexando c\u00f3pia do documento de identifica\u00e7\u00e3o, comprovativo de morada e entregar na sua c\u00e9lula. Poder\u00e1, em alternativa, enviar diretamente para a Sede Nacional, necessitando da assinatura de um proponente (militante da FRELIMO). [\/acc_item] [acc_item title=&#8221;Posso ser militante numa localidade diferente da de onde resido?&#8221;]Sim. poder\u00e1 ser militante na localidade onde reside, estuda ou trabalha, ou por naturalidade (enviar comprovativo). [\/acc_item] [acc_item title=&#8221;Quanto tempo demora o processo de admiss\u00e3o na FRELIMO?&#8221;] A admiss\u00e3o de um membro \u00e9 decidida no prazo m\u00e1ximo de noventa dias, a contar da data de apresenta\u00e7\u00e3o do pedido.[\/acc_item][\/accordion]<\/div>\n<div class=\"span4\">\n<h5>[icon name=&#8221;envelope-alt&#8221; size=&#8221;20&#8243; color=&#8221;#666&#8243; ] Mais alguma quest\u00e3o?<\/h5>\n<p>Caso persista alguma d\u00favida sinta-se livre em enviar-nos que responderemos prontamente<\/p>\n<p><a class=\"btn btn-info \" href=\"#\" rel=\"slides[buttonlightbox] noopener\" target=\"_blank\"><strong>Enviar<\/strong><\/a><\/p>\n<\/div>\n","protected":false},"excerpt":{"rendered":"<p>Pode ser membro da FRELIMO todo o mo\u00e7ambicano, maior de 18 anos de idade que no pleno gozo de direitos civis e pol\u00edticos, aceite os Estatutos e o Programa do Partido. Descarregue &nbsp;a ficha de candidatura a militante da FRELIMO. 1\u00ba Passo Descarregue a ficha 2\u00ba Passo Preencha 3\u00ba Passo Envie Tem perguntas? Temos respostas! &hellip;<\/p>\n","protected":false},"author":1,"featured_media":746,"parent":0,"menu_order":14,"comment_status":"open","ping_status":"open","template":"","meta":{"footnotes":""},"class_list":["post-747","page","type-page","status-publish","has-post-thumbnail","hentry"],"_links":{"self":[{"href":"https:\/\/demo.frelimo.org.mz\/index.php?rest_route=\/wp\/v2\/pages\/747","targetHints":{"allow":["GET"]}}],"collection":[{"href":"https:\/\/demo.frelimo.org.mz\/index.php?rest_route=\/wp\/v2\/pages"}],"about":[{"href":"https:\/\/demo.frelimo.org.mz\/index.php?rest_route=\/wp\/v2\/types\/page"}],"author":[{"embeddable":true,"href":"https:\/\/demo.frelimo.org.mz\/index.php?rest_route=\/wp\/v2\/users\/1"}],"replies":[{"embeddable":true,"href":"https:\/\/demo.frelimo.org.mz\/index.php?rest_route=%2Fwp%2Fv2%2Fcomments&post=747"}],"version-history":[{"count":2,"href":"https:\/\/demo.frelimo.org.mz\/index.php?rest_route=\/wp\/v2\/pages\/747\/revisions"}],"predecessor-version":[{"id":4024,"href":"https:\/\/demo.frelimo.org.mz\/index.php?rest_route=\/wp\/v2\/pages\/747\/revisions\/4024"}],"wp:featuredmedia":[{"embeddable":true,"href":"https:\/\/demo.frelimo.org.mz\/index.php?rest_route=\/wp\/v2\/media\/746"}],"wp:attachment":[{"href":"https:\/\/demo.frelimo.org.mz\/index.php?rest_route=%2Fwp%2Fv2%2Fmedia&parent=747"}],"curies":[{"name":"wp","href":"https:\/\/api.w.org\/{rel}","templated":true}]}}