{"id":4042,"date":"2023-09-16T01:41:44","date_gmt":"2023-09-16T01:41:44","guid":{"rendered":"https:\/\/demo.frelimo.org.mz\/?page_id=4042"},"modified":"2023-09-28T14:03:31","modified_gmt":"2023-09-28T12:03:31","slug":"eleicoes-autarquicas-2023","status":"publish","type":"page","link":"https:\/\/demo.frelimo.org.mz\/?page_id=4042","title":{"rendered":"Elei\u00e7\u00f5es Aut\u00e1rquicas 2023"},"content":{"rendered":"","protected":false},"excerpt":{"rendered":"","protected":false},"author":1,"featured_media":0,"parent":0,"menu_order":0,"comment_status":"closed","ping_status":"closed","template":"","meta":{"footnotes":""},"class_list":["post-4042","page","type-page","status-publish","hentry"],"_links":{"self":[{"href":"https:\/\/demo.frelimo.org.mz\/index.php?rest_route=\/wp\/v2\/pages\/4042","targetHints":{"allow":["GET"]}}],"collection":[{"href":"https:\/\/demo.frelimo.org.mz\/index.php?rest_route=\/wp\/v2\/pages"}],"about":[{"href":"https:\/\/demo.frelimo.org.mz\/index.php?rest_route=\/wp\/v2\/types\/page"}],"author":[{"embeddable":true,"href":"https:\/\/demo.frelimo.org.mz\/index.php?rest_route=\/wp\/v2\/users\/1"}],"replies":[{"embeddable":true,"href":"https:\/\/demo.frelimo.org.mz\/index.php?rest_route=%2Fwp%2Fv2%2Fcomments&post=4042"}],"version-history":[{"count":5,"href":"https:\/\/demo.frelimo.org.mz\/index.php?rest_route=\/wp\/v2\/pages\/4042\/revisions"}],"predecessor-version":[{"id":4233,"href":"https:\/\/demo.frelimo.org.mz\/index.php?rest_route=\/wp\/v2\/pages\/4042\/revisions\/4233"}],"wp:attachment":[{"href":"https:\/\/demo.frelimo.org.mz\/index.php?rest_route=%2Fwp%2Fv2%2Fmedia&parent=4042"}],"curies":[{"name":"wp","href":"https:\/\/api.w.org\/{rel}","templated":true}]}}